{"id":1511,"date":"2026-01-02T16:50:43","date_gmt":"2026-01-02T16:50:43","guid":{"rendered":"https:\/\/alediatours.com\/?page_id=1511"},"modified":"2026-01-06T17:06:58","modified_gmt":"2026-01-06T17:06:58","slug":"exklusive-ausfluge","status":"publish","type":"page","link":"https:\/\/alediatours.com\/en\/exklusive-ausfluge\/","title":{"rendered":"Exclusive excursions"},"content":{"rendered":"<div data-elementor-type=\"wp-page\" data-elementor-id=\"1511\" class=\"elementor elementor-1511\">\n\t\t\t\t<div class=\"elementor-element elementor-element-aab0441 e-flex e-con-boxed e-con e-parent\" data-id=\"aab0441\" data-element_type=\"container\" data-e-type=\"container\">\n\t\t\t\t\t<div class=\"e-con-inner\">\n\t\t\t\t<div class=\"elementor-element elementor-element-49f5bd7 noSpace elementor-widget elementor-widget-text-editor\" data-id=\"49f5bd7\" data-element_type=\"widget\" data-e-type=\"widget\" data-widget_type=\"text-editor.default\">\n\t\t\t\t<div class=\"elementor-widget-container\">\n\t\t\t\t\t\t\t\t\t<p>Exclusive private excursions<\/p>\t\t\t\t\t\t\t\t<\/div>\n\t\t\t\t<\/div>\n\t\t\t\t<div class=\"elementor-element elementor-element-26a7118 elementor-widget-divider--view-line elementor-widget elementor-widget-divider\" data-id=\"26a7118\" data-element_type=\"widget\" data-e-type=\"widget\" data-widget_type=\"divider.default\">\n\t\t\t\t<div class=\"elementor-widget-container\">\n\t\t\t\t\t\t\t<div class=\"elementor-divider\">\n\t\t\t<span class=\"elementor-divider-separator\">\n\t\t\t\t\t\t<\/span>\n\t\t<\/div>\n\t\t\t\t\t\t<\/div>\n\t\t\t\t<\/div>\n\t\t\t\t\t<\/div>\n\t\t\t\t<\/div>\n\t\t<div class=\"elementor-element elementor-element-8e55a26 e-flex e-con-boxed e-con e-parent\" data-id=\"8e55a26\" data-element_type=\"container\" data-e-type=\"container\">\n\t\t\t\t\t<div class=\"e-con-inner\">\n\t\t<div class=\"elementor-element elementor-element-4ca5ccb e-con-full e-flex e-con e-child\" data-id=\"4ca5ccb\" data-element_type=\"container\" data-e-type=\"container\">\n\t\t\t\t<div class=\"elementor-element elementor-element-94ac50a elementor-arrows-position-inside elementor-pagination-position-outside elementor-widget elementor-widget-image-carousel\" data-id=\"94ac50a\" data-element_type=\"widget\" data-e-type=\"widget\" data-settings=\"{&quot;slides_to_show&quot;:&quot;1&quot;,&quot;navigation&quot;:&quot;both&quot;,&quot;autoplay&quot;:&quot;yes&quot;,&quot;pause_on_hover&quot;:&quot;yes&quot;,&quot;pause_on_interaction&quot;:&quot;yes&quot;,&quot;autoplay_speed&quot;:5000,&quot;infinite&quot;:&quot;yes&quot;,&quot;effect&quot;:&quot;slide&quot;,&quot;speed&quot;:500}\" data-widget_type=\"image-carousel.default\">\n\t\t\t\t<div class=\"elementor-widget-container\">\n\t\t\t\t\t\t\t<div class=\"elementor-image-carousel-wrapper swiper\" role=\"region\" aria-roledescription=\"carousel\" aria-label=\"Image Carousel\" dir=\"ltr\">\n\t\t\t<div class=\"elementor-image-carousel swiper-wrapper\" aria-live=\"off\">\n\t\t\t\t\t\t\t\t<div class=\"swiper-slide\" role=\"group\" aria-roledescription=\"slide\" aria-label=\"1 of 13\" data-no-translation-aria-label=\"\"><a data-elementor-open-lightbox=\"yes\" data-elementor-lightbox-slideshow=\"94ac50a\" data-elementor-lightbox-title=\"foto principal\" data-e-action-hash=\"#elementor-action%3Aaction%3Dlightbox%26settings%3DeyJpZCI6MTUzMywidXJsIjoiaHR0cHM6XC9cL2FsZWRpYXRvdXJzLmNvbVwvd3AtY29udGVudFwvdXBsb2Fkc1wvZm90by1wcmluY2lwYWwtc2NhbGVkLmpwZyIsInNsaWRlc2hvdyI6Ijk0YWM1MGEifQ%3D%3D\" href=\"https:\/\/alediatours.com\/wp-content\/uploads\/foto-principal-scaled.jpg\"><figure class=\"swiper-slide-inner\"><img decoding=\"async\" class=\"swiper-slide-image\" src=\"https:\/\/alediatours.com\/wp-content\/uploads\/elementor\/thumbs\/foto-principal-scaled-rh4mnkxsh5m8fmc2bqkku0cswkleyvbiy95f7ayfew.jpg\" alt=\"foto principal\" \/><\/figure><\/a><\/div><div class=\"swiper-slide\" role=\"group\" aria-roledescription=\"slide\" aria-label=\"2 of 13\" data-no-translation-aria-label=\"\"><a data-elementor-open-lightbox=\"yes\" data-elementor-lightbox-slideshow=\"94ac50a\" data-elementor-lightbox-title=\"DCIM104GOPROGOPR3522.JPG\" data-e-action-hash=\"#elementor-action%3Aaction%3Dlightbox%26settings%3DeyJpZCI6MTUyMCwidXJsIjoiaHR0cHM6XC9cL2FsZWRpYXRvdXJzLmNvbVwvd3AtY29udGVudFwvdXBsb2Fkc1wvMDItMS1zY2FsZWQuanBnIiwic2xpZGVzaG93IjoiOTRhYzUwYSJ9\" href=\"https:\/\/alediatours.com\/wp-content\/uploads\/02-1-scaled.jpg\"><figure class=\"swiper-slide-inner\"><img decoding=\"async\" class=\"swiper-slide-image\" src=\"https:\/\/alediatours.com\/wp-content\/uploads\/elementor\/thumbs\/02-1-scaled-rh4meab8w4w5mfu4lpxe6cspfeequmf308wkcsqky0.jpg\" alt=\"DCIM104GOPROGOPR3522.JPG\" \/><\/figure><\/a><\/div><div class=\"swiper-slide\" role=\"group\" aria-roledescription=\"slide\" aria-label=\"3 of 13\" data-no-translation-aria-label=\"\"><a data-elementor-open-lightbox=\"yes\" data-elementor-lightbox-slideshow=\"94ac50a\" data-elementor-lightbox-title=\"oplus_0\" data-e-action-hash=\"#elementor-action%3Aaction%3Dlightbox%26settings%3DeyJpZCI6MTUyMSwidXJsIjoiaHR0cHM6XC9cL2FsZWRpYXRvdXJzLmNvbVwvd3AtY29udGVudFwvdXBsb2Fkc1wvMDMtMS1zY2FsZWQuanBnIiwic2xpZGVzaG93IjoiOTRhYzUwYSJ9\" href=\"https:\/\/alediatours.com\/wp-content\/uploads\/03-1-scaled.jpg\"><figure class=\"swiper-slide-inner\"><img decoding=\"async\" class=\"swiper-slide-image\" src=\"https:\/\/alediatours.com\/wp-content\/uploads\/elementor\/thumbs\/03-1-scaled-rh4mepcnxhgqs78a5wffa902xkcm9s2sebcc184a6g.jpg\" alt=\"oplus_0\" \/><\/figure><\/a><\/div><div class=\"swiper-slide\" role=\"group\" aria-roledescription=\"slide\" aria-label=\"4 of 13\" data-no-translation-aria-label=\"\"><a data-elementor-open-lightbox=\"yes\" data-elementor-lightbox-slideshow=\"94ac50a\" data-elementor-lightbox-title=\"04\" data-e-action-hash=\"#elementor-action%3Aaction%3Dlightbox%26settings%3DeyJpZCI6MTUyMiwidXJsIjoiaHR0cHM6XC9cL2FsZWRpYXRvdXJzLmNvbVwvd3AtY29udGVudFwvdXBsb2Fkc1wvMDQtc2NhbGVkLmpwZWciLCJzbGlkZXNob3ciOiI5NGFjNTBhIn0%3D\" href=\"https:\/\/alediatours.com\/wp-content\/uploads\/04-scaled.jpeg\"><figure class=\"swiper-slide-inner\"><img decoding=\"async\" class=\"swiper-slide-image\" src=\"https:\/\/alediatours.com\/wp-content\/uploads\/elementor\/thumbs\/04-scaled-rh4mf4e2yu1bxymfq2xge57gfqahoxqhsds3pnhzew.jpeg\" alt=\"04\" \/><\/figure><\/a><\/div><div class=\"swiper-slide\" role=\"group\" aria-roledescription=\"slide\" aria-label=\"5 of 13\" data-no-translation-aria-label=\"\"><a data-elementor-open-lightbox=\"yes\" data-elementor-lightbox-slideshow=\"94ac50a\" data-elementor-lightbox-title=\"05\" data-e-action-hash=\"#elementor-action%3Aaction%3Dlightbox%26settings%3DeyJpZCI6MTUyNCwidXJsIjoiaHR0cHM6XC9cL2FsZWRpYXRvdXJzLmNvbVwvd3AtY29udGVudFwvdXBsb2Fkc1wvMDUtc2NhbGVkLmpwZWciLCJzbGlkZXNob3ciOiI5NGFjNTBhIn0%3D\" href=\"https:\/\/alediatours.com\/wp-content\/uploads\/05-scaled.jpeg\"><figure class=\"swiper-slide-inner\"><img decoding=\"async\" class=\"swiper-slide-image\" src=\"https:\/\/alediatours.com\/wp-content\/uploads\/elementor\/thumbs\/05-scaled-rh4mgosecw6jakcikrb2jqz42ukiirye04x8i96d1k.jpeg\" alt=\"05\" \/><\/figure><\/a><\/div><div class=\"swiper-slide\" role=\"group\" aria-roledescription=\"slide\" aria-label=\"6 of 13\" data-no-translation-aria-label=\"\"><a data-elementor-open-lightbox=\"yes\" data-elementor-lightbox-slideshow=\"94ac50a\" data-elementor-lightbox-title=\"06\" data-e-action-hash=\"#elementor-action%3Aaction%3Dlightbox%26settings%3DeyJpZCI6MTUyNSwidXJsIjoiaHR0cHM6XC9cL2FsZWRpYXRvdXJzLmNvbVwvd3AtY29udGVudFwvdXBsb2Fkc1wvMDYtMS1zY2FsZWQuanBlZyIsInNsaWRlc2hvdyI6Ijk0YWM1MGEifQ%3D%3D\" href=\"https:\/\/alediatours.com\/wp-content\/uploads\/06-1-scaled.jpeg\"><figure class=\"swiper-slide-inner\"><img decoding=\"async\" class=\"swiper-slide-image\" src=\"https:\/\/alediatours.com\/wp-content\/uploads\/elementor\/thumbs\/06-1-scaled-rh4mhg1pv37un98x5l39223hb0u5pzylrvubfa1y14.jpeg\" alt=\"06\" \/><\/figure><\/a><\/div><div class=\"swiper-slide\" role=\"group\" aria-roledescription=\"slide\" aria-label=\"7 of 13\" data-no-translation-aria-label=\"\"><a data-elementor-open-lightbox=\"yes\" data-elementor-lightbox-slideshow=\"94ac50a\" data-elementor-lightbox-title=\"Digital Camera\" data-e-action-hash=\"#elementor-action%3Aaction%3Dlightbox%26settings%3DeyJpZCI6MTUyNiwidXJsIjoiaHR0cHM6XC9cL2FsZWRpYXRvdXJzLmNvbVwvd3AtY29udGVudFwvdXBsb2Fkc1wvMDctMS1zY2FsZWQuanBnIiwic2xpZGVzaG93IjoiOTRhYzUwYSJ9\" href=\"https:\/\/alediatours.com\/wp-content\/uploads\/07-1-scaled.jpg\"><figure class=\"swiper-slide-inner\"><img decoding=\"async\" class=\"swiper-slide-image\" src=\"https:\/\/alediatours.com\/wp-content\/uploads\/elementor\/thumbs\/07-1-scaled-rh4mifrl2skqwft1d0j2ot2zvny3uhweksmrnskzgo.jpg\" alt=\"$CoMmEnt\u00c7g\" \/><\/figure><\/a><\/div><div class=\"swiper-slide\" role=\"group\" aria-roledescription=\"slide\" aria-label=\"8 of 13\" data-no-translation-aria-label=\"\"><a data-elementor-open-lightbox=\"yes\" data-elementor-lightbox-slideshow=\"94ac50a\" data-elementor-lightbox-title=\"Digital Camera\" data-e-action-hash=\"#elementor-action%3Aaction%3Dlightbox%26settings%3DeyJpZCI6MTUyNywidXJsIjoiaHR0cHM6XC9cL2FsZWRpYXRvdXJzLmNvbVwvd3AtY29udGVudFwvdXBsb2Fkc1wvMDgtc2NhbGVkLmpwZyIsInNsaWRlc2hvdyI6Ijk0YWM1MGEifQ%3D%3D\" href=\"https:\/\/alediatours.com\/wp-content\/uploads\/08-scaled.jpg\"><figure class=\"swiper-slide-inner\"><img decoding=\"async\" class=\"swiper-slide-image\" src=\"https:\/\/alediatours.com\/wp-content\/uploads\/elementor\/thumbs\/08-scaled-rh4mj8wkynomwcmpmv4ic3qaalyhh4430sutjdds3s.jpg\" alt=\"$CoMmEnt\u00c7g\" \/><\/figure><\/a><\/div><div class=\"swiper-slide\" role=\"group\" aria-roledescription=\"slide\" aria-label=\"9 of 13\" data-no-translation-aria-label=\"\"><a data-elementor-open-lightbox=\"yes\" data-elementor-lightbox-slideshow=\"94ac50a\" data-elementor-lightbox-title=\"Digital Camera\" data-e-action-hash=\"#elementor-action%3Aaction%3Dlightbox%26settings%3DeyJpZCI6MTUyOCwidXJsIjoiaHR0cHM6XC9cL2FsZWRpYXRvdXJzLmNvbVwvd3AtY29udGVudFwvdXBsb2Fkc1wvMDktMS1zY2FsZWQuanBnIiwic2xpZGVzaG93IjoiOTRhYzUwYSJ9\" href=\"https:\/\/alediatours.com\/wp-content\/uploads\/09-1-scaled.jpg\"><figure class=\"swiper-slide-inner\"><img decoding=\"async\" class=\"swiper-slide-image\" src=\"https:\/\/alediatours.com\/wp-content\/uploads\/elementor\/thumbs\/09-1-scaled-rh4mk8mg6d1j5j6tuakbyupsv92flm1vtpn9rvwtjc.jpg\" alt=\"$CoMmEnt\u00c7g\" \/><\/figure><\/a><\/div><div class=\"swiper-slide\" role=\"group\" aria-roledescription=\"slide\" aria-label=\"10 of 13\" data-no-translation-aria-label=\"\"><a data-elementor-open-lightbox=\"yes\" data-elementor-lightbox-slideshow=\"94ac50a\" data-elementor-lightbox-title=\"10\" data-e-action-hash=\"#elementor-action%3Aaction%3Dlightbox%26settings%3DeyJpZCI6MTUyOSwidXJsIjoiaHR0cHM6XC9cL2FsZWRpYXRvdXJzLmNvbVwvd3AtY29udGVudFwvdXBsb2Fkc1wvMTAtc2NhbGVkLmpwZyIsInNsaWRlc2hvdyI6Ijk0YWM1MGEifQ%3D%3D\" href=\"https:\/\/alediatours.com\/wp-content\/uploads\/10-scaled.jpg\"><figure class=\"swiper-slide-inner\"><img decoding=\"async\" class=\"swiper-slide-image\" src=\"https:\/\/alediatours.com\/wp-content\/uploads\/elementor\/thumbs\/10-scaled-rh4mmgiqba2wkdyrvr3mcsjzd04mrvv2gp3jkemcug.jpg\" alt=\"10\" \/><\/figure><\/a><\/div><div class=\"swiper-slide\" role=\"group\" aria-roledescription=\"slide\" aria-label=\"11 of 13\" data-no-translation-aria-label=\"\"><a data-elementor-open-lightbox=\"yes\" data-elementor-lightbox-slideshow=\"94ac50a\" data-elementor-lightbox-title=\"11\" data-e-action-hash=\"#elementor-action%3Aaction%3Dlightbox%26settings%3DeyJpZCI6MTUzMCwidXJsIjoiaHR0cHM6XC9cL2FsZWRpYXRvdXJzLmNvbVwvd3AtY29udGVudFwvdXBsb2Fkc1wvMTEtMS1zY2FsZWQuanBnIiwic2xpZGVzaG93IjoiOTRhYzUwYSJ9\" href=\"https:\/\/alediatours.com\/wp-content\/uploads\/11-1-scaled.jpg\"><figure class=\"swiper-slide-inner\"><img decoding=\"async\" class=\"swiper-slide-image\" src=\"https:\/\/alediatours.com\/wp-content\/uploads\/elementor\/thumbs\/11-1-scaled-rh4mn32uvaxsb12080uo0mv1m91fwmcmjsr731owp4.jpg\" alt=\"11\" \/><\/figure><\/a><\/div><div class=\"swiper-slide\" role=\"group\" aria-roledescription=\"slide\" aria-label=\"12 of 13\" data-no-translation-aria-label=\"\"><a data-elementor-open-lightbox=\"yes\" data-elementor-lightbox-slideshow=\"94ac50a\" data-elementor-lightbox-title=\"12\" data-e-action-hash=\"#elementor-action%3Aaction%3Dlightbox%26settings%3DeyJpZCI6MTUzMSwidXJsIjoiaHR0cHM6XC9cL2FsZWRpYXRvdXJzLmNvbVwvd3AtY29udGVudFwvdXBsb2Fkc1wvMTItMS1zY2FsZWQuanBnIiwic2xpZGVzaG93IjoiOTRhYzUwYSJ9\" href=\"https:\/\/alediatours.com\/wp-content\/uploads\/12-1-scaled.jpg\"><figure class=\"swiper-slide-inner\"><img decoding=\"async\" class=\"swiper-slide-image\" src=\"https:\/\/alediatours.com\/wp-content\/uploads\/elementor\/thumbs\/12-1-scaled-rh4mnbjekt9d7ippumib52q6ypvqtwa7kymkejcd54.jpg\" alt=\"12\" \/><\/figure><\/a><\/div><div class=\"swiper-slide\" role=\"group\" aria-roledescription=\"slide\" aria-label=\"13 of 13\" data-no-translation-aria-label=\"\"><a data-elementor-open-lightbox=\"yes\" data-elementor-lightbox-slideshow=\"94ac50a\" data-elementor-lightbox-title=\"OLYMPUS DIGITAL CAMERA\" data-e-action-hash=\"#elementor-action%3Aaction%3Dlightbox%26settings%3DeyJpZCI6MTUzMiwidXJsIjoiaHR0cHM6XC9cL2FsZWRpYXRvdXJzLmNvbVwvd3AtY29udGVudFwvdXBsb2Fkc1wvMTMtc2NhbGVkLmpwZyIsInNsaWRlc2hvdyI6Ijk0YWM1MGEifQ%3D%3D\" href=\"https:\/\/alediatours.com\/wp-content\/uploads\/13-scaled.jpg\"><figure class=\"swiper-slide-inner\"><img decoding=\"async\" class=\"swiper-slide-image\" src=\"https:\/\/alediatours.com\/wp-content\/uploads\/elementor\/thumbs\/13-scaled-rh4mnh6fpth356hixoy2k1ayj13y42wllqjha7403s.jpg\" alt=\"OLYMPUS DIGITAL CAMERA\" \/><\/figure><\/a><\/div>\t\t\t<\/div>\n\t\t\t\t\t\t\t\t\t\t\t\t<div class=\"elementor-swiper-button elementor-swiper-button-prev\" role=\"button\" tabindex=\"0\">\n\t\t\t\t\t\t<svg aria-hidden=\"true\" class=\"e-font-icon-svg e-eicon-chevron-left\" viewbox=\"0 0 1000 1000\" xmlns=\"http:\/\/www.w3.org\/2000\/svg\"><path d=\"M646 125C629 125 613 133 604 142L308 442C296 454 292 471 292 487 292 504 296 521 308 533L604 854C617 867 629 875 646 875 663 875 679 871 692 858 704 846 713 829 713 812 713 796 708 779 692 767L438 487 692 225C700 217 708 204 708 187 708 171 704 154 692 142 675 129 663 125 646 125Z\"><\/path><\/svg>\t\t\t\t\t<\/div>\n\t\t\t\t\t<div class=\"elementor-swiper-button elementor-swiper-button-next\" role=\"button\" tabindex=\"0\">\n\t\t\t\t\t\t<svg aria-hidden=\"true\" class=\"e-font-icon-svg e-eicon-chevron-right\" viewbox=\"0 0 1000 1000\" xmlns=\"http:\/\/www.w3.org\/2000\/svg\"><path d=\"M696 533C708 521 713 504 713 487 713 471 708 454 696 446L400 146C388 133 375 125 354 125 338 125 325 129 313 142 300 154 292 171 292 187 292 204 296 221 308 233L563 492 304 771C292 783 288 800 288 817 288 833 296 850 308 863 321 871 338 875 354 875 371 875 388 867 400 854L696 533Z\"><\/path><\/svg>\t\t\t\t\t<\/div>\n\t\t\t\t\n\t\t\t\t\t\t\t\t\t<div class=\"swiper-pagination\"><\/div>\n\t\t\t\t\t\t\t\t\t<\/div>\n\t\t\t\t\t\t<\/div>\n\t\t\t\t<\/div>\n\t\t\t\t<\/div>\n\t\t<div class=\"elementor-element elementor-element-4fd1d92 e-con-full e-flex e-con e-child\" data-id=\"4fd1d92\" data-element_type=\"container\" data-e-type=\"container\">\n\t\t\t\t<div class=\"elementor-element elementor-element-9b85e28 noSpace elementor-widget elementor-widget-text-editor\" data-id=\"9b85e28\" data-element_type=\"widget\" data-e-type=\"widget\" data-widget_type=\"text-editor.default\">\n\t\t\t\t<div class=\"elementor-widget-container\">\n\t\t\t\t\t\t\t\t\t<p>Price individually upon request<\/p>\t\t\t\t\t\t\t\t<\/div>\n\t\t\t\t<\/div>\n\t\t\t\t<div class=\"elementor-element elementor-element-c4095ff elementor-widget elementor-widget-text-editor\" data-id=\"c4095ff\" data-element_type=\"widget\" data-e-type=\"widget\" data-widget_type=\"text-editor.default\">\n\t\t\t\t<div class=\"elementor-widget-container\">\n\t\t\t\t\t\t\t\t\t<ul><li>solo traveler<\/li><li>couples<\/li><li>family and friends<\/li><li>no peer pressure<\/li><li>individual program<\/li><li>individual pick-up time<\/li><li>personal tour guide<\/li><li>Travel in a fully air-conditioned minibus or vehicle approved for tourism<\/li><li>free photos<\/li><\/ul>\t\t\t\t\t\t\t\t<\/div>\n\t\t\t\t<\/div>\n\t\t\t\t<\/div>\n\t\t\t\t\t<\/div>\n\t\t\t\t<\/div>\n\t\t<div class=\"elementor-element elementor-element-3284a20 e-flex e-con-boxed e-con e-parent\" data-id=\"3284a20\" data-element_type=\"container\" data-e-type=\"container\">\n\t\t\t\t\t<div class=\"e-con-inner\">\n\t\t\t\t<div class=\"elementor-element elementor-element-aa1e12d elementor-widget elementor-widget-text-editor\" data-id=\"aa1e12d\" data-element_type=\"widget\" data-e-type=\"widget\" data-widget_type=\"text-editor.default\">\n\t\t\t\t<div class=\"elementor-widget-container\">\n\t\t\t\t\t\t\t\t\t<h2 style=\"text-align: center;\">Private excursions without a group<\/h2><p>\u00a0<\/p><h2 style=\"text-align: left;\"><strong>Choose one of our standard excursions or we can design an unforgettable day trip or a small tour according to your wishes and ideas.<\/strong><\/h2><h3>\u00a0<\/h3><h3 style=\"text-align: center;\">Suitable for everyone, whether solo traveler, couple, family, group of friends or cruise ship passenger<\/h3><p>\u00a0<\/p><p>Simply tell us what you would like to see and how many people are in your party (for children under 12, please also state their age for entry fees), and we will inform you of the price at short notice.<\/p><p>Since the tour guide and transportation represent the largest cost component, the price varies depending on the number of participants and what you would like included. Whether you want to briefly visit just one archaeological site, combine two Mayan sites, or create a customized blend of culture and nature\u2026 or even just nature alone\u2026 we are open to all options, provided it's feasible within a single day's travel time.\u00a0<\/p><h5>\u00a0<\/h5><h5>An unforgettable short tour within the Yucatan Peninsula is also possible.<\/h5><p>\u00a0<\/p><h5><strong>We round off your holiday with unforgettable moments; almost 20 years of experience with many returning guests have proven it.<\/strong><\/h5><p>\u00a0<\/p><p><strong>Included:<\/strong><\/p><p>Entrance fees, taxes (including for the nature reserve), German-speaking tour guide, boat trips, snorkeling equipment, soft drinks, water, beer, transport in a fully air-conditioned minibus or vehicle approved for tourism, photos<\/p><p><strong>Included upon request:<\/strong><\/p><p>Breakfast rolls, sandwiches as a snack, lunch, dinner, hotel etc. ... everything is open here.<\/p><h5>\u00a0<\/h5><h5 style=\"text-align: center;\">Don't hesitate, just ask \u2013 we're already looking forward to seeing you!<\/h5>\t\t\t\t\t\t\t\t<\/div>\n\t\t\t\t<\/div>\n\t\t\t\t\t<\/div>\n\t\t\t\t<\/div>\n\t\t<div class=\"elementor-element elementor-element-ff68b5d e-flex e-con-boxed e-con e-parent\" data-id=\"ff68b5d\" data-element_type=\"container\" data-e-type=\"container\">\n\t\t\t\t\t<div class=\"e-con-inner\">\n\t\t\t\t<div class=\"elementor-element elementor-element-3a8b0cf elementor-widget elementor-widget-shortcode\" data-id=\"3a8b0cf\" data-element_type=\"widget\" data-e-type=\"widget\" data-widget_type=\"shortcode.default\">\n\t\t\t\t<div class=\"elementor-widget-container\">\n\t\t\t\t\t\t\t<div class=\"elementor-shortcode\">\n<div class=\"wpcf7 no-js\" id=\"wpcf7-f318-o1\" lang=\"en-US\" dir=\"ltr\" data-wpcf7-id=\"318\">\n<div class=\"screen-reader-response\"><p role=\"status\" aria-live=\"polite\" aria-atomic=\"true\"><\/p> <ul><\/ul><\/div>\n<form action=\"\/en\/wp-json\/wp\/v2\/pages\/1511#wpcf7-f318-o1\" method=\"post\" class=\"wpcf7-form init\" aria-label=\"Contact form\" novalidate=\"novalidate\" data-status=\"init\" data-trp-original-action=\"\/en\/wp-json\/wp\/v2\/pages\/1511#wpcf7-f318-o1\">\n<fieldset class=\"hidden-fields-container\"><input type=\"hidden\" name=\"_wpcf7\" value=\"318\" \/><input type=\"hidden\" name=\"_wpcf7_version\" value=\"6.1.5\" \/><input type=\"hidden\" name=\"_wpcf7_locale\" value=\"en_US\" \/><input type=\"hidden\" name=\"_wpcf7_unit_tag\" value=\"wpcf7-f318-o1\" \/><input type=\"hidden\" name=\"_wpcf7_container_post\" value=\"0\" \/><input type=\"hidden\" name=\"_wpcf7_posted_data_hash\" value=\"\" \/><input type=\"hidden\" name=\"_wpcf7_recaptcha_response\" value=\"\" \/>\n<\/fieldset>\n<div class=\"container-fluid kontaktForm\">\n\t<div class=\"row justify-content-center\">\n\t\t<div class=\"col-12 col-xl-10\">\n\t\t\t<p>Name*<span class=\"wpcf7-form-control-wrap\" data-name=\"nameN\"><input size=\"40\" maxlength=\"400\" class=\"wpcf7-form-control wpcf7-text wpcf7-validates-as-required\" aria-required=\"true\" aria-invalid=\"false\" placeholder=\"Write your full name\" value=\"\" type=\"text\" name=\"nameN\" \/><\/span>\n\t\t\t<\/p>\n\t\t<\/div>\n\t\t<div class=\"col-12 col-xl-10\">\n\t\t\t<p>Email*<span class=\"wpcf7-form-control-wrap\" data-name=\"email\"><input size=\"40\" maxlength=\"400\" class=\"wpcf7-form-control wpcf7-email wpcf7-validates-as-required wpcf7-text wpcf7-validates-as-email\" aria-required=\"true\" aria-invalid=\"false\" placeholder=\"Write your email\" value=\"\" type=\"email\" name=\"email\" \/><\/span>\n\t\t\t<\/p>\n\t\t<\/div>\n\t\t<div class=\"col-12 col-xl-10\">\n\t\t\t<p>Reference*<span class=\"wpcf7-form-control-wrap\" data-name=\"bettref\"><input size=\"40\" maxlength=\"400\" class=\"wpcf7-form-control wpcf7-text wpcf7-validates-as-required\" aria-required=\"true\" aria-invalid=\"false\" placeholder=\"Write the topic\" value=\"\" type=\"text\" name=\"bettref\" \/><\/span>\n\t\t\t<\/p>\n\t\t<\/div>\n\t\t<div class=\"col-12 col-xl-10\">\n\t\t\t<p>News<span class=\"wpcf7-form-control-wrap\" data-name=\"nachricht\"><textarea cols=\"40\" rows=\"3\" maxlength=\"2000\" class=\"wpcf7-form-control wpcf7-textarea wpcf7-validates-as-required\" aria-required=\"true\" aria-invalid=\"false\" placeholder=\"News\" name=\"nachricht\"><\/textarea><\/span>\n\t\t\t<\/p>\n\t\t<\/div>\n\t\t<div class=\"col-12 col-xl-10\">\n\t\t\t<p><input class=\"wpcf7-form-control wpcf7-submit has-spinner\" type=\"submit\" value=\"Send\" \/>\n\t\t\t<\/p>\n\t\t<\/div>\n\t<\/div>\n<\/div><div class=\"wpcf7-response-output\" aria-hidden=\"true\"><\/div>\n<input type=\"hidden\" name=\"trp-form-language\" value=\"en\"\/><\/form>\n<\/div>\n<\/div>\n\t\t\t\t\t\t<\/div>\n\t\t\t\t<\/div>\n\t\t\t\t\t<\/div>\n\t\t\t\t<\/div>\n\t\t\t\t<\/div>","protected":false},"excerpt":{"rendered":"<p>Exklusive private Ausfl\u00fcge Preis individuell nach Anfrage Alleinreisend P\u00e4archen Familie und Freunde kein Gruppenzwang individuelles Programm individuelle Abholzeit pers\u00f6nlicher Reiseleiter Fahrt in einem vollklimatiertem Kleinbus oder f\u00fcr Tourismus zugelassenem Fahrzeug kostenlose Fotos Private Ausfl\u00fcge ohne Gruppe \u00a0 W\u00e4hlen Sie einen unserer Standardausfl\u00fcge oder wir gestalten einen unvergesslichen Tag sowie auch eine kleine Rundreise nach euren [&hellip;]<\/p>\n","protected":false},"author":1,"featured_media":0,"parent":0,"menu_order":0,"comment_status":"closed","ping_status":"closed","template":"","meta":{"footnotes":""},"categories":[],"class_list":["post-1511","page","type-page","status-publish","hentry"],"_links":{"self":[{"href":"https:\/\/alediatours.com\/en\/wp-json\/wp\/v2\/pages\/1511","targetHints":{"allow":["GET"]}}],"collection":[{"href":"https:\/\/alediatours.com\/en\/wp-json\/wp\/v2\/pages"}],"about":[{"href":"https:\/\/alediatours.com\/en\/wp-json\/wp\/v2\/types\/page"}],"author":[{"embeddable":true,"href":"https:\/\/alediatours.com\/en\/wp-json\/wp\/v2\/users\/1"}],"replies":[{"embeddable":true,"href":"https:\/\/alediatours.com\/en\/wp-json\/wp\/v2\/comments?post=1511"}],"version-history":[{"count":31,"href":"https:\/\/alediatours.com\/en\/wp-json\/wp\/v2\/pages\/1511\/revisions"}],"predecessor-version":[{"id":1557,"href":"https:\/\/alediatours.com\/en\/wp-json\/wp\/v2\/pages\/1511\/revisions\/1557"}],"wp:attachment":[{"href":"https:\/\/alediatours.com\/en\/wp-json\/wp\/v2\/media?parent=1511"}],"wp:term":[{"taxonomy":"category","embeddable":true,"href":"https:\/\/alediatours.com\/en\/wp-json\/wp\/v2\/categories?post=1511"}],"curies":[{"name":"wp","href":"https:\/\/api.w.org\/{rel}","templated":true}]}}