{"id":258,"date":"2024-12-03T22:14:42","date_gmt":"2024-12-03T22:14:42","guid":{"rendered":"https:\/\/new.alediatours.com\/?page_id=258"},"modified":"2024-12-19T21:54:51","modified_gmt":"2024-12-19T21:54:51","slug":"unser-projekt","status":"publish","type":"page","link":"https:\/\/alediatours.com\/en\/unser-projekt\/","title":{"rendered":"Our project"},"content":{"rendered":"<div data-elementor-type=\"wp-page\" data-elementor-id=\"258\" class=\"elementor elementor-258\">\n\t\t\t\t<div class=\"elementor-element elementor-element-636c13a e-flex e-con-boxed e-con e-parent\" data-id=\"636c13a\" data-element_type=\"container\" data-e-type=\"container\" data-settings=\"{&quot;background_background&quot;:&quot;classic&quot;}\">\n\t\t\t\t\t<div class=\"e-con-inner\">\n\t\t\t\t<div class=\"elementor-element elementor-element-bda97e1 noSpace elementor-widget elementor-widget-text-editor\" data-id=\"bda97e1\" data-element_type=\"widget\" data-e-type=\"widget\" data-widget_type=\"text-editor.default\">\n\t\t\t\t<div class=\"elementor-widget-container\">\n\t\t\t\t\t\t\t\t\t<p>OUR PROJECT<\/p>\t\t\t\t\t\t\t\t<\/div>\n\t\t\t\t<\/div>\n\t\t\t\t<div class=\"elementor-element elementor-element-3d4e4f6 elementor-widget elementor-widget-text-editor\" data-id=\"3d4e4f6\" data-element_type=\"widget\" data-e-type=\"widget\" data-widget_type=\"text-editor.default\">\n\t\t\t\t<div class=\"elementor-widget-container\">\n\t\t\t\t\t\t\t\t\tfrom Aledia Tours\t\t\t\t\t\t\t\t<\/div>\n\t\t\t\t<\/div>\n\t\t\t\t\t<\/div>\n\t\t\t\t<\/div>\n\t\t<div class=\"elementor-element elementor-element-3744d24 e-flex e-con-boxed e-con e-parent\" data-id=\"3744d24\" data-element_type=\"container\" data-e-type=\"container\">\n\t\t\t\t\t<div class=\"e-con-inner\">\n\t\t\t\t<div class=\"elementor-element elementor-element-4c1200f noSpace elementor-widget elementor-widget-text-editor\" data-id=\"4c1200f\" data-element_type=\"widget\" data-e-type=\"widget\" data-widget_type=\"text-editor.default\">\n\t\t\t\t<div class=\"elementor-widget-container\">\n\t\t\t\t\t\t\t\t\tOur grain of sand\n\t\t\t\t\t\t\t\t<\/div>\n\t\t\t\t<\/div>\n\t\t\t\t<div class=\"elementor-element elementor-element-dd519b4 elementor-widget elementor-widget-text-editor\" data-id=\"dd519b4\" data-element_type=\"widget\" data-e-type=\"widget\" data-widget_type=\"text-editor.default\">\n\t\t\t\t<div class=\"elementor-widget-container\">\n\t\t\t\t\t\t\t\t\tMEXICO IS A BEAUTIFUL COUNTRY WITH GREAT PEOPLE, BREATHTAKING FLORA AND FAUNA, AS WELL AS INTERESTING HISTORY AND CULTURE.\n\n\t\t\t\t\t\t\t\t<\/div>\n\t\t\t\t<\/div>\n\t\t\t\t<div class=\"elementor-element elementor-element-943e5c0 elementor-widget-divider--view-line elementor-widget elementor-widget-divider\" data-id=\"943e5c0\" data-element_type=\"widget\" data-e-type=\"widget\" data-widget_type=\"divider.default\">\n\t\t\t\t<div class=\"elementor-widget-container\">\n\t\t\t\t\t\t\t<div class=\"elementor-divider\">\n\t\t\t<span class=\"elementor-divider-separator\">\n\t\t\t\t\t\t<\/span>\n\t\t<\/div>\n\t\t\t\t\t\t<\/div>\n\t\t\t\t<\/div>\n\t\t\t\t<div class=\"elementor-element elementor-element-56abe63 elementor-widget elementor-widget-text-editor\" data-id=\"56abe63\" data-element_type=\"widget\" data-e-type=\"widget\" data-widget_type=\"text-editor.default\">\n\t\t\t\t<div class=\"elementor-widget-container\">\n\t\t\t\t\t\t\t\t\t<p>However, there are also many things that could be improved, such as the public school system, the healthcare system, social security, etc. We at Aledia Tours are, of course, too small and have too little influence to effect major changes here, but we still want to make a small contribution and at least bring a smile to a few children's faces. Therefore, we regularly travel to Mayan villages far removed from tourism and take toys, coloring books, crayons, dolls, toy cars, stuffed animals, children's or baby clothes, and similar items with us to give to the children there. The sparkle in their eyes is something truly special, and the parents are always very grateful, as many cannot afford such things. Tourism has created jobs in many villages near the tourist routes, but the remote villages can still only dream of this. We are therefore happy to accept donations of goods from our customers: these can be toys (not battery-operated) and stationery (not school notebooks, as Mexico uses different formats), but also new or gently used clothing. Everything is welcome.<\/p><p>Once a year we also travel to Cuba, where we visit small, much poorer villages and surprise the people there with gifts.<\/p><p>Those who would like to deliver their gifts themselves can do so with our Mayan family in Coba and also in the village of Punta Laguna, which we will visit next. The families are generally very large with many children, who live spread across different villages and are therefore always very grateful for even the smallest gesture.<\/p><p>Here in Mexico, we say: \"Poner mi granito de arena.\" Literally translated, this means: \"Add my grain of sand.\" This means that even if your contribution of just one grain of sand seems tiny, with the help of many grains of sand, you can eventually build an entire sandcastle.<\/p><p>Who else would like to add their grain of sand?<\/p>\t\t\t\t\t\t\t\t<\/div>\n\t\t\t\t<\/div>\n\t\t\t\t\t<\/div>\n\t\t\t\t<\/div>\n\t\t<div class=\"elementor-element elementor-element-2883e66 e-flex e-con-boxed e-con e-parent\" data-id=\"2883e66\" data-element_type=\"container\" data-e-type=\"container\">\n\t\t\t\t\t<div class=\"e-con-inner\">\n\t\t\t\t<div class=\"elementor-element elementor-element-9f26323 elementor-widget elementor-widget-shortcode\" data-id=\"9f26323\" data-element_type=\"widget\" data-e-type=\"widget\" data-widget_type=\"shortcode.default\">\n\t\t\t\t<div class=\"elementor-widget-container\">\n\t\t\t\t\t\t\t<div class=\"elementor-shortcode\">    <div class=\"container-fluid p-0\">\n        <div class=\"masonry\">\n                      <div class=\"item fadeIn\" style=\"animation-delay: 2.44s;\">\n              <a href=\"https:\/\/alediatours.com\/wp-content\/uploads\/unser_projekt\/18.webp\">\n                  <img decoding=\"async\" src=\"https:\/\/alediatours.com\/wp-content\/uploads\/unser_projekt\/18.webp\" alt=\"18\">\n              <\/a>\n            <\/div>\n                      <div class=\"item fadeIn\" style=\"animation-delay: 2.07s;\">\n              <a href=\"https:\/\/alediatours.com\/wp-content\/uploads\/unser_projekt\/35.webp\">\n                  <img decoding=\"async\" src=\"https:\/\/alediatours.com\/wp-content\/uploads\/unser_projekt\/35.webp\" alt=\"35\">\n              <\/a>\n            <\/div>\n                      <div class=\"item fadeIn\" style=\"animation-delay: 1.2s;\">\n              <a href=\"https:\/\/alediatours.com\/wp-content\/uploads\/unser_projekt\/3.webp\">\n                  <img decoding=\"async\" src=\"https:\/\/alediatours.com\/wp-content\/uploads\/unser_projekt\/3.webp\" alt=\"3\">\n              <\/a>\n            <\/div>\n                      <div class=\"item fadeInUp\" style=\"animation-delay: 1.23s;\">\n              <a href=\"https:\/\/alediatours.com\/wp-content\/uploads\/unser_projekt\/14.webp\">\n                  <img decoding=\"async\" src=\"https:\/\/alediatours.com\/wp-content\/uploads\/unser_projekt\/14.webp\" alt=\"14\">\n              <\/a>\n            <\/div>\n                      <div class=\"item fadeInDown\" style=\"animation-delay: 0.73s;\">\n              <a href=\"https:\/\/alediatours.com\/wp-content\/uploads\/unser_projekt\/2.webp\">\n                  <img decoding=\"async\" src=\"https:\/\/alediatours.com\/wp-content\/uploads\/unser_projekt\/2.webp\" alt=\"2\">\n              <\/a>\n            <\/div>\n                      <div class=\"item fadeInUp\" style=\"animation-delay: 0.53s;\">\n              <a href=\"https:\/\/alediatours.com\/wp-content\/uploads\/unser_projekt\/1.webp\">\n                  <img decoding=\"async\" src=\"https:\/\/alediatours.com\/wp-content\/uploads\/unser_projekt\/1.webp\" alt=\"1\">\n              <\/a>\n            <\/div>\n                      <div class=\"item fadeInDown\" style=\"animation-delay: 1.23s;\">\n              <a href=\"https:\/\/alediatours.com\/wp-content\/uploads\/unser_projekt\/46.webp\">\n                  <img decoding=\"async\" src=\"https:\/\/alediatours.com\/wp-content\/uploads\/unser_projekt\/46.webp\" alt=\"46\">\n              <\/a>\n            <\/div>\n                      <div class=\"item fadeInDown\" style=\"animation-delay: 2.23s;\">\n              <a href=\"https:\/\/alediatours.com\/wp-content\/uploads\/unser_projekt\/32.webp\">\n                  <img decoding=\"async\" src=\"https:\/\/alediatours.com\/wp-content\/uploads\/unser_projekt\/32.webp\" alt=\"32\">\n              <\/a>\n            <\/div>\n                      <div class=\"item fadeIn\" style=\"animation-delay: 1.8s;\">\n              <a href=\"https:\/\/alediatours.com\/wp-content\/uploads\/unser_projekt\/38.webp\">\n                  <img decoding=\"async\" src=\"https:\/\/alediatours.com\/wp-content\/uploads\/unser_projekt\/38.webp\" alt=\"38\">\n              <\/a>\n            <\/div>\n                      <div class=\"item fadeIn\" style=\"animation-delay: 0.77s;\">\n              <a href=\"https:\/\/alediatours.com\/wp-content\/uploads\/unser_projekt\/33.webp\">\n                  <img decoding=\"async\" src=\"https:\/\/alediatours.com\/wp-content\/uploads\/unser_projekt\/33.webp\" alt=\"33\">\n              <\/a>\n            <\/div>\n                      <div class=\"item fadeIn\" style=\"animation-delay: 2.08s;\">\n              <a href=\"https:\/\/alediatours.com\/wp-content\/uploads\/unser_projekt\/16.webp\">\n                  <img decoding=\"async\" src=\"https:\/\/alediatours.com\/wp-content\/uploads\/unser_projekt\/16.webp\" alt=\"16\">\n              <\/a>\n            <\/div>\n                      <div class=\"item fadeIn\" style=\"animation-delay: 1.08s;\">\n              <a href=\"https:\/\/alediatours.com\/wp-content\/uploads\/unser_projekt\/47.webp\">\n                  <img decoding=\"async\" src=\"https:\/\/alediatours.com\/wp-content\/uploads\/unser_projekt\/47.webp\" alt=\"47\">\n              <\/a>\n            <\/div>\n                      <div class=\"item fadeInUp\" style=\"animation-delay: 0.83s;\">\n              <a href=\"https:\/\/alediatours.com\/wp-content\/uploads\/unser_projekt\/53.webp\">\n                  <img decoding=\"async\" src=\"https:\/\/alediatours.com\/wp-content\/uploads\/unser_projekt\/53.webp\" alt=\"53\">\n              <\/a>\n            <\/div>\n                      <div class=\"item fadeInUp\" style=\"animation-delay: 2.25s;\">\n              <a href=\"https:\/\/alediatours.com\/wp-content\/uploads\/unser_projekt\/52.webp\">\n                  <img decoding=\"async\" src=\"https:\/\/alediatours.com\/wp-content\/uploads\/unser_projekt\/52.webp\" alt=\"52\">\n              <\/a>\n            <\/div>\n                      <div class=\"item fadeIn\" style=\"animation-delay: 2.2s;\">\n              <a href=\"https:\/\/alediatours.com\/wp-content\/uploads\/unser_projekt\/10.webp\">\n                  <img decoding=\"async\" src=\"https:\/\/alediatours.com\/wp-content\/uploads\/unser_projekt\/10.webp\" alt=\"10\">\n              <\/a>\n            <\/div>\n                      <div class=\"item fadeInDown\" style=\"animation-delay: 1.98s;\">\n              <a href=\"https:\/\/alediatours.com\/wp-content\/uploads\/unser_projekt\/28.webp\">\n                  <img decoding=\"async\" src=\"https:\/\/alediatours.com\/wp-content\/uploads\/unser_projekt\/28.webp\" alt=\"28\">\n              <\/a>\n            <\/div>\n                      <div class=\"item fadeInUp\" style=\"animation-delay: 2.33s;\">\n              <a href=\"https:\/\/alediatours.com\/wp-content\/uploads\/unser_projekt\/22.webp\">\n                  <img decoding=\"async\" src=\"https:\/\/alediatours.com\/wp-content\/uploads\/unser_projekt\/22.webp\" alt=\"22\">\n              <\/a>\n            <\/div>\n                      <div class=\"item fadeIn\" style=\"animation-delay: 1.42s;\">\n              <a href=\"https:\/\/alediatours.com\/wp-content\/uploads\/unser_projekt\/41.webp\">\n                  <img decoding=\"async\" src=\"https:\/\/alediatours.com\/wp-content\/uploads\/unser_projekt\/41.webp\" alt=\"41\">\n              <\/a>\n            <\/div>\n                      <div class=\"item fadeInUp\" style=\"animation-delay: 2.07s;\">\n              <a href=\"https:\/\/alediatours.com\/wp-content\/uploads\/unser_projekt\/20.webp\">\n                  <img decoding=\"async\" src=\"https:\/\/alediatours.com\/wp-content\/uploads\/unser_projekt\/20.webp\" alt=\"20\">\n              <\/a>\n            <\/div>\n                      <div class=\"item fadeInUp\" style=\"animation-delay: 2.32s;\">\n              <a href=\"https:\/\/alediatours.com\/wp-content\/uploads\/unser_projekt\/15.webp\">\n                  <img decoding=\"async\" src=\"https:\/\/alediatours.com\/wp-content\/uploads\/unser_projekt\/15.webp\" alt=\"15\">\n              <\/a>\n            <\/div>\n                      <div class=\"item fadeInDown\" style=\"animation-delay: 2.02s;\">\n              <a href=\"https:\/\/alediatours.com\/wp-content\/uploads\/unser_projekt\/21.webp\">\n                  <img decoding=\"async\" src=\"https:\/\/alediatours.com\/wp-content\/uploads\/unser_projekt\/21.webp\" alt=\"21\">\n              <\/a>\n            <\/div>\n                      <div class=\"item fadeInDown\" style=\"animation-delay: 1.84s;\">\n              <a href=\"https:\/\/alediatours.com\/wp-content\/uploads\/unser_projekt\/24.webp\">\n                  <img decoding=\"async\" src=\"https:\/\/alediatours.com\/wp-content\/uploads\/unser_projekt\/24.webp\" alt=\"24\">\n              <\/a>\n            <\/div>\n                      <div class=\"item fadeInDown\" style=\"animation-delay: 1.13s;\">\n              <a href=\"https:\/\/alediatours.com\/wp-content\/uploads\/unser_projekt\/36.webp\">\n                  <img decoding=\"async\" src=\"https:\/\/alediatours.com\/wp-content\/uploads\/unser_projekt\/36.webp\" alt=\"36\">\n              <\/a>\n            <\/div>\n                      <div class=\"item fadeInUp\" style=\"animation-delay: 1.99s;\">\n              <a href=\"https:\/\/alediatours.com\/wp-content\/uploads\/unser_projekt\/40.webp\">\n                  <img decoding=\"async\" src=\"https:\/\/alediatours.com\/wp-content\/uploads\/unser_projekt\/40.webp\" alt=\"40\">\n              <\/a>\n            <\/div>\n                      <div class=\"item fadeInUp\" style=\"animation-delay: 0.76s;\">\n              <a href=\"https:\/\/alediatours.com\/wp-content\/uploads\/unser_projekt\/39.webp\">\n                  <img decoding=\"async\" src=\"https:\/\/alediatours.com\/wp-content\/uploads\/unser_projekt\/39.webp\" alt=\"39\">\n              <\/a>\n            <\/div>\n                      <div class=\"item fadeInDown\" style=\"animation-delay: 1.4s;\">\n              <a href=\"https:\/\/alediatours.com\/wp-content\/uploads\/unser_projekt\/23.webp\">\n                  <img decoding=\"async\" src=\"https:\/\/alediatours.com\/wp-content\/uploads\/unser_projekt\/23.webp\" alt=\"23\">\n              <\/a>\n            <\/div>\n                      <div class=\"item fadeInDown\" style=\"animation-delay: 1.31s;\">\n              <a href=\"https:\/\/alediatours.com\/wp-content\/uploads\/unser_projekt\/12.webp\">\n                  <img decoding=\"async\" src=\"https:\/\/alediatours.com\/wp-content\/uploads\/unser_projekt\/12.webp\" alt=\"12\">\n              <\/a>\n            <\/div>\n                      <div class=\"item fadeInUp\" style=\"animation-delay: 2.08s;\">\n              <a href=\"https:\/\/alediatours.com\/wp-content\/uploads\/unser_projekt\/37.webp\">\n                  <img decoding=\"async\" src=\"https:\/\/alediatours.com\/wp-content\/uploads\/unser_projekt\/37.webp\" alt=\"37\">\n              <\/a>\n            <\/div>\n                      <div class=\"item fadeInUp\" style=\"animation-delay: 1.11s;\">\n              <a href=\"https:\/\/alediatours.com\/wp-content\/uploads\/unser_projekt\/34.webp\">\n                  <img decoding=\"async\" src=\"https:\/\/alediatours.com\/wp-content\/uploads\/unser_projekt\/34.webp\" alt=\"34\">\n              <\/a>\n            <\/div>\n                      <div class=\"item fadeInUp\" style=\"animation-delay: 0.64s;\">\n              <a href=\"https:\/\/alediatours.com\/wp-content\/uploads\/unser_projekt\/42.webp\">\n                  <img decoding=\"async\" src=\"https:\/\/alediatours.com\/wp-content\/uploads\/unser_projekt\/42.webp\" alt=\"42\">\n              <\/a>\n            <\/div>\n                      <div class=\"item fadeInDown\" style=\"animation-delay: 1.78s;\">\n              <a href=\"https:\/\/alediatours.com\/wp-content\/uploads\/unser_projekt\/25.webp\">\n                  <img decoding=\"async\" src=\"https:\/\/alediatours.com\/wp-content\/uploads\/unser_projekt\/25.webp\" alt=\"25\">\n              <\/a>\n            <\/div>\n                      <div class=\"item fadeInUp\" style=\"animation-delay: 2.1s;\">\n              <a href=\"https:\/\/alediatours.com\/wp-content\/uploads\/unser_projekt\/48.webp\">\n                  <img decoding=\"async\" src=\"https:\/\/alediatours.com\/wp-content\/uploads\/unser_projekt\/48.webp\" alt=\"48\">\n              <\/a>\n            <\/div>\n                      <div class=\"item fadeIn\" style=\"animation-delay: 1.2s;\">\n              <a href=\"https:\/\/alediatours.com\/wp-content\/uploads\/unser_projekt\/45.webp\">\n                  <img decoding=\"async\" src=\"https:\/\/alediatours.com\/wp-content\/uploads\/unser_projekt\/45.webp\" alt=\"45\">\n              <\/a>\n            <\/div>\n                      <div class=\"item fadeInDown\" style=\"animation-delay: 1.19s;\">\n              <a href=\"https:\/\/alediatours.com\/wp-content\/uploads\/unser_projekt\/27.webp\">\n                  <img decoding=\"async\" src=\"https:\/\/alediatours.com\/wp-content\/uploads\/unser_projekt\/27.webp\" alt=\"27\">\n              <\/a>\n            <\/div>\n                      <div class=\"item fadeInDown\" style=\"animation-delay: 1.71s;\">\n              <a href=\"https:\/\/alediatours.com\/wp-content\/uploads\/unser_projekt\/26.webp\">\n                  <img decoding=\"async\" src=\"https:\/\/alediatours.com\/wp-content\/uploads\/unser_projekt\/26.webp\" alt=\"26\">\n              <\/a>\n            <\/div>\n                      <div class=\"item fadeInDown\" style=\"animation-delay: 0.73s;\">\n              <a href=\"https:\/\/alediatours.com\/wp-content\/uploads\/unser_projekt\/49.webp\">\n                  <img decoding=\"async\" src=\"https:\/\/alediatours.com\/wp-content\/uploads\/unser_projekt\/49.webp\" alt=\"49\">\n              <\/a>\n            <\/div>\n                      <div class=\"item fadeIn\" style=\"animation-delay: 1.46s;\">\n              <a href=\"https:\/\/alediatours.com\/wp-content\/uploads\/unser_projekt\/44.webp\">\n                  <img decoding=\"async\" src=\"https:\/\/alediatours.com\/wp-content\/uploads\/unser_projekt\/44.webp\" alt=\"44\">\n              <\/a>\n            <\/div>\n                      <div class=\"item fadeIn\" style=\"animation-delay: 1.23s;\">\n              <a href=\"https:\/\/alediatours.com\/wp-content\/uploads\/unser_projekt\/50.webp\">\n                  <img decoding=\"async\" src=\"https:\/\/alediatours.com\/wp-content\/uploads\/unser_projekt\/50.webp\" alt=\"50\">\n              <\/a>\n            <\/div>\n                      <div class=\"item fadeIn\" style=\"animation-delay: 1.75s;\">\n              <a href=\"https:\/\/alediatours.com\/wp-content\/uploads\/unser_projekt\/29.webp\">\n                  <img decoding=\"async\" src=\"https:\/\/alediatours.com\/wp-content\/uploads\/unser_projekt\/29.webp\" alt=\"29\">\n              <\/a>\n            <\/div>\n                      <div class=\"item fadeInDown\" style=\"animation-delay: 2.15s;\">\n              <a href=\"https:\/\/alediatours.com\/wp-content\/uploads\/unser_projekt\/43.webp\">\n                  <img decoding=\"async\" src=\"https:\/\/alediatours.com\/wp-content\/uploads\/unser_projekt\/43.webp\" alt=\"43\">\n              <\/a>\n            <\/div>\n                      <div class=\"item fadeIn\" style=\"animation-delay: 1.32s;\">\n              <a href=\"https:\/\/alediatours.com\/wp-content\/uploads\/unser_projekt\/5.webp\">\n                  <img decoding=\"async\" src=\"https:\/\/alediatours.com\/wp-content\/uploads\/unser_projekt\/5.webp\" alt=\"5\">\n              <\/a>\n            <\/div>\n                      <div class=\"item fadeIn\" style=\"animation-delay: 2.28s;\">\n              <a href=\"https:\/\/alediatours.com\/wp-content\/uploads\/unser_projekt\/54.webp\">\n                  <img decoding=\"async\" src=\"https:\/\/alediatours.com\/wp-content\/uploads\/unser_projekt\/54.webp\" alt=\"54\">\n              <\/a>\n            <\/div>\n                      <div class=\"item fadeInDown\" style=\"animation-delay: 0.57s;\">\n              <a href=\"https:\/\/alediatours.com\/wp-content\/uploads\/unser_projekt\/19.webp\">\n                  <img decoding=\"async\" src=\"https:\/\/alediatours.com\/wp-content\/uploads\/unser_projekt\/19.webp\" alt=\"19\">\n              <\/a>\n            <\/div>\n                      <div class=\"item fadeInDown\" style=\"animation-delay: 0.65s;\">\n              <a href=\"https:\/\/alediatours.com\/wp-content\/uploads\/unser_projekt\/4.webp\">\n                  <img decoding=\"async\" src=\"https:\/\/alediatours.com\/wp-content\/uploads\/unser_projekt\/4.webp\" alt=\"4\">\n              <\/a>\n            <\/div>\n                      <div class=\"item fadeIn\" style=\"animation-delay: 0.89s;\">\n              <a href=\"https:\/\/alediatours.com\/wp-content\/uploads\/unser_projekt\/17.webp\">\n                  <img decoding=\"async\" src=\"https:\/\/alediatours.com\/wp-content\/uploads\/unser_projekt\/17.webp\" alt=\"17\">\n              <\/a>\n            <\/div>\n                      <div class=\"item fadeInUp\" style=\"animation-delay: 1.25s;\">\n              <a href=\"https:\/\/alediatours.com\/wp-content\/uploads\/unser_projekt\/11.webp\">\n                  <img decoding=\"async\" src=\"https:\/\/alediatours.com\/wp-content\/uploads\/unser_projekt\/11.webp\" alt=\"11\">\n              <\/a>\n            <\/div>\n                      <div class=\"item fadeInUp\" style=\"animation-delay: 1.65s;\">\n              <a href=\"https:\/\/alediatours.com\/wp-content\/uploads\/unser_projekt\/51.webp\">\n                  <img decoding=\"async\" src=\"https:\/\/alediatours.com\/wp-content\/uploads\/unser_projekt\/51.webp\" alt=\"51\">\n              <\/a>\n            <\/div>\n                      <div class=\"item fadeInDown\" style=\"animation-delay: 1.37s;\">\n              <a href=\"https:\/\/alediatours.com\/wp-content\/uploads\/unser_projekt\/13.webp\">\n                  <img decoding=\"async\" src=\"https:\/\/alediatours.com\/wp-content\/uploads\/unser_projekt\/13.webp\" alt=\"13\">\n              <\/a>\n            <\/div>\n                      <div class=\"item fadeInUp\" style=\"animation-delay: 0.85s;\">\n              <a href=\"https:\/\/alediatours.com\/wp-content\/uploads\/unser_projekt\/30.webp\">\n                  <img decoding=\"async\" src=\"https:\/\/alediatours.com\/wp-content\/uploads\/unser_projekt\/30.webp\" alt=\"30\">\n              <\/a>\n            <\/div>\n                      <div class=\"item fadeIn\" style=\"animation-delay: 0.75s;\">\n              <a href=\"https:\/\/alediatours.com\/wp-content\/uploads\/unser_projekt\/31.webp\">\n                  <img decoding=\"async\" src=\"https:\/\/alediatours.com\/wp-content\/uploads\/unser_projekt\/31.webp\" alt=\"31\">\n              <\/a>\n            <\/div>\n                  <\/div>\n    <\/div>\n    <\/div>\n\t\t\t\t\t\t<\/div>\n\t\t\t\t<\/div>\n\t\t\t\t\t<\/div>\n\t\t\t\t<\/div>\n\t\t\t\t<\/div>","protected":false},"excerpt":{"rendered":"<p>UNSER PROJEKT von Aledia ToursUnser Sandkorn MEXIKO IST EIN WUNDERSCH\u00d6NES LAND MIT TOLLEN MENSCHEN, ATEMBERAUBENDER FLORA UND FAUNA SOWIE INTERESSANTER GESCHICHTE UND KULTUR. Jedoch gibt es auch viele Dinge, die verbessert werden k\u00f6nnten wie z.B. das \u00f6ffentliche Schulsystem, das Gesundheitssystem, soziale Absicherungen etc. Wir von Aledia Tours sind nat\u00fcrlich zu klein und haben zu wenig [&hellip;]<\/p>\n","protected":false},"author":1,"featured_media":0,"parent":0,"menu_order":0,"comment_status":"closed","ping_status":"closed","template":"","meta":{"footnotes":""},"categories":[],"class_list":["post-258","page","type-page","status-publish","hentry"],"_links":{"self":[{"href":"https:\/\/alediatours.com\/en\/wp-json\/wp\/v2\/pages\/258","targetHints":{"allow":["GET"]}}],"collection":[{"href":"https:\/\/alediatours.com\/en\/wp-json\/wp\/v2\/pages"}],"about":[{"href":"https:\/\/alediatours.com\/en\/wp-json\/wp\/v2\/types\/page"}],"author":[{"embeddable":true,"href":"https:\/\/alediatours.com\/en\/wp-json\/wp\/v2\/users\/1"}],"replies":[{"embeddable":true,"href":"https:\/\/alediatours.com\/en\/wp-json\/wp\/v2\/comments?post=258"}],"version-history":[{"count":16,"href":"https:\/\/alediatours.com\/en\/wp-json\/wp\/v2\/pages\/258\/revisions"}],"predecessor-version":[{"id":1033,"href":"https:\/\/alediatours.com\/en\/wp-json\/wp\/v2\/pages\/258\/revisions\/1033"}],"wp:attachment":[{"href":"https:\/\/alediatours.com\/en\/wp-json\/wp\/v2\/media?parent=258"}],"wp:term":[{"taxonomy":"category","embeddable":true,"href":"https:\/\/alediatours.com\/en\/wp-json\/wp\/v2\/categories?post=258"}],"curies":[{"name":"wp","href":"https:\/\/api.w.org\/{rel}","templated":true}]}}