{"id":61,"date":"2024-12-02T18:16:32","date_gmt":"2024-12-02T18:16:32","guid":{"rendered":"https:\/\/new.alediatours.com\/?page_id=61"},"modified":"2024-12-16T23:16:09","modified_gmt":"2024-12-16T23:16:09","slug":"abenteuer-im-dschungel","status":"publish","type":"page","link":"https:\/\/alediatours.com\/en\/abenteuer-im-dschungel\/","title":{"rendered":"Jungle Adventure (Half-Day Tour)"},"content":{"rendered":"<div data-elementor-type=\"wp-page\" data-elementor-id=\"61\" class=\"elementor elementor-61\">\n\t\t\t\t<div class=\"elementor-element elementor-element-cd24b5b e-flex e-con-boxed e-con e-parent\" data-id=\"cd24b5b\" data-element_type=\"container\" data-e-type=\"container\">\n\t\t\t\t\t<div class=\"e-con-inner\">\n\t\t\t\t<div class=\"elementor-element elementor-element-87b5873 noSpace elementor-widget elementor-widget-text-editor\" data-id=\"87b5873\" data-element_type=\"widget\" data-e-type=\"widget\" data-widget_type=\"text-editor.default\">\n\t\t\t\t<div class=\"elementor-widget-container\">\n\t\t\t\t\t\t\t\t\t<p>Jungle Adventure (Half-Day Tour)<\/p>\t\t\t\t\t\t\t\t<\/div>\n\t\t\t\t<\/div>\n\t\t\t\t<div class=\"elementor-element elementor-element-dc674f2 elementor-widget-divider--view-line elementor-widget elementor-widget-divider\" data-id=\"dc674f2\" data-element_type=\"widget\" data-e-type=\"widget\" data-widget_type=\"divider.default\">\n\t\t\t\t<div class=\"elementor-widget-container\">\n\t\t\t\t\t\t\t<div class=\"elementor-divider\">\n\t\t\t<span class=\"elementor-divider-separator\">\n\t\t\t\t\t\t<\/span>\n\t\t<\/div>\n\t\t\t\t\t\t<\/div>\n\t\t\t\t<\/div>\n\t\t\t\t\t<\/div>\n\t\t\t\t<\/div>\n\t\t<div class=\"elementor-element elementor-element-9633f58 e-flex e-con-boxed e-con e-parent\" data-id=\"9633f58\" data-element_type=\"container\" data-e-type=\"container\">\n\t\t\t\t\t<div class=\"e-con-inner\">\n\t\t<div class=\"elementor-element elementor-element-c697b4b e-con-full e-flex e-con e-child\" data-id=\"c697b4b\" data-element_type=\"container\" data-e-type=\"container\">\n\t\t\t\t<div class=\"elementor-element elementor-element-564eccc elementor-arrows-position-inside elementor-pagination-position-outside elementor-widget elementor-widget-image-carousel\" data-id=\"564eccc\" data-element_type=\"widget\" data-e-type=\"widget\" data-settings=\"{&quot;slides_to_show&quot;:&quot;1&quot;,&quot;navigation&quot;:&quot;both&quot;,&quot;autoplay&quot;:&quot;yes&quot;,&quot;pause_on_hover&quot;:&quot;yes&quot;,&quot;pause_on_interaction&quot;:&quot;yes&quot;,&quot;autoplay_speed&quot;:5000,&quot;infinite&quot;:&quot;yes&quot;,&quot;effect&quot;:&quot;slide&quot;,&quot;speed&quot;:500}\" data-widget_type=\"image-carousel.default\">\n\t\t\t\t<div class=\"elementor-widget-container\">\n\t\t\t\t\t\t\t<div class=\"elementor-image-carousel-wrapper swiper\" role=\"region\" aria-roledescription=\"carousel\" aria-label=\"Bild Karussell\" dir=\"ltr\">\n\t\t\t<div class=\"elementor-image-carousel swiper-wrapper\" aria-live=\"off\">\n\t\t\t\t\t\t\t\t<div class=\"swiper-slide\" role=\"group\" aria-roledescription=\"slide\" aria-label=\"1 von 7\"><a data-elementor-open-lightbox=\"yes\" data-elementor-lightbox-slideshow=\"564eccc\" data-elementor-lightbox-title=\"abenteuer_4\" data-e-action-hash=\"#elementor-action%3Aaction%3Dlightbox%26settings%3DeyJpZCI6MzM5LCJ1cmwiOiJodHRwczpcL1wvYWxlZGlhdG91cnMuY29tXC93cC1jb250ZW50XC91cGxvYWRzXC9hYmVudGV1ZXJfNC5qcGciLCJzbGlkZXNob3ciOiI1NjRlY2NjIn0%3D\" href=\"https:\/\/alediatours.com\/wp-content\/uploads\/abenteuer_4.jpg\"><figure class=\"swiper-slide-inner\"><img decoding=\"async\" class=\"swiper-slide-image\" src=\"https:\/\/alediatours.com\/wp-content\/uploads\/elementor\/thumbs\/abenteuer_4-qxzjswfbv41azugrpeakt88xzi0i1xwf3ksm4w66x4.jpg\" alt=\"abenteuer_4\" \/><\/figure><\/a><\/div><div class=\"swiper-slide\" role=\"group\" aria-roledescription=\"slide\" aria-label=\"2 von 7\"><a data-elementor-open-lightbox=\"yes\" data-elementor-lightbox-slideshow=\"564eccc\" data-elementor-lightbox-title=\"abenteuer_3\" data-e-action-hash=\"#elementor-action%3Aaction%3Dlightbox%26settings%3DeyJpZCI6MzQwLCJ1cmwiOiJodHRwczpcL1wvYWxlZGlhdG91cnMuY29tXC93cC1jb250ZW50XC91cGxvYWRzXC9hYmVudGV1ZXJfMy5qcGciLCJzbGlkZXNob3ciOiI1NjRlY2NjIn0%3D\" href=\"https:\/\/alediatours.com\/wp-content\/uploads\/abenteuer_3.jpg\"><figure class=\"swiper-slide-inner\"><img decoding=\"async\" class=\"swiper-slide-image\" src=\"https:\/\/alediatours.com\/wp-content\/uploads\/elementor\/thumbs\/abenteuer_3-qxzjsxd61y2lbgfejwp7dq0ekvvv9n05fpg3m64sqw.jpg\" alt=\"abenteuer_3\" \/><\/figure><\/a><\/div><div class=\"swiper-slide\" role=\"group\" aria-roledescription=\"slide\" aria-label=\"3 von 7\"><a data-elementor-open-lightbox=\"yes\" data-elementor-lightbox-slideshow=\"564eccc\" data-elementor-lightbox-title=\"abenteuer_2\" data-e-action-hash=\"#elementor-action%3Aaction%3Dlightbox%26settings%3DeyJpZCI6MzQxLCJ1cmwiOiJodHRwczpcL1wvYWxlZGlhdG91cnMuY29tXC93cC1jb250ZW50XC91cGxvYWRzXC9hYmVudGV1ZXJfMi5qcGVnIiwic2xpZGVzaG93IjoiNTY0ZWNjYyJ9\" href=\"https:\/\/alediatours.com\/wp-content\/uploads\/abenteuer_2.jpeg\"><figure class=\"swiper-slide-inner\"><img decoding=\"async\" class=\"swiper-slide-image\" src=\"https:\/\/alediatours.com\/wp-content\/uploads\/elementor\/thumbs\/abenteuer_2-qxzjsxd61y2lbgfejwp7dq0ekvvv9n05fpg3m64sqw.jpeg\" alt=\"abenteuer_2\" \/><\/figure><\/a><\/div><div class=\"swiper-slide\" role=\"group\" aria-roledescription=\"slide\" aria-label=\"4 von 7\"><a data-elementor-open-lightbox=\"yes\" data-elementor-lightbox-slideshow=\"564eccc\" data-elementor-lightbox-title=\"abenteuer_1\" data-e-action-hash=\"#elementor-action%3Aaction%3Dlightbox%26settings%3DeyJpZCI6MzQyLCJ1cmwiOiJodHRwczpcL1wvYWxlZGlhdG91cnMuY29tXC93cC1jb250ZW50XC91cGxvYWRzXC9hYmVudGV1ZXJfMS5qcGciLCJzbGlkZXNob3ciOiI1NjRlY2NjIn0%3D\" href=\"https:\/\/alediatours.com\/wp-content\/uploads\/abenteuer_1.jpg\"><figure class=\"swiper-slide-inner\"><img decoding=\"async\" class=\"swiper-slide-image\" src=\"https:\/\/alediatours.com\/wp-content\/uploads\/elementor\/thumbs\/abenteuer_1-qxzjsyb08s3vn2e1ef3ty7rv69r8hc3vru3l3g3eko.jpg\" alt=\"abenteuer_1\" \/><\/figure><\/a><\/div><div class=\"swiper-slide\" role=\"group\" aria-roledescription=\"slide\" aria-label=\"5 von 7\"><a data-elementor-open-lightbox=\"yes\" data-elementor-lightbox-slideshow=\"564eccc\" data-elementor-lightbox-title=\"abenteuer_7\" data-e-action-hash=\"#elementor-action%3Aaction%3Dlightbox%26settings%3DeyJpZCI6MzQzLCJ1cmwiOiJodHRwczpcL1wvYWxlZGlhdG91cnMuY29tXC93cC1jb250ZW50XC91cGxvYWRzXC9hYmVudGV1ZXJfNy5qcGciLCJzbGlkZXNob3ciOiI1NjRlY2NjIn0%3D\" href=\"https:\/\/alediatours.com\/wp-content\/uploads\/abenteuer_7.jpg\"><figure class=\"swiper-slide-inner\"><img decoding=\"async\" class=\"swiper-slide-image\" src=\"https:\/\/alediatours.com\/wp-content\/uploads\/elementor\/thumbs\/abenteuer_7-qxzjsyb08s3vn2e1ef3ty7rv69r8hc3vru3l3g3eko.jpg\" alt=\"abenteuer_7\" \/><\/figure><\/a><\/div><div class=\"swiper-slide\" role=\"group\" aria-roledescription=\"slide\" aria-label=\"6 von 7\"><a data-elementor-open-lightbox=\"yes\" data-elementor-lightbox-slideshow=\"564eccc\" data-elementor-lightbox-title=\"abenteuer_6\" data-e-action-hash=\"#elementor-action%3Aaction%3Dlightbox%26settings%3DeyJpZCI6MzQ0LCJ1cmwiOiJodHRwczpcL1wvYWxlZGlhdG91cnMuY29tXC93cC1jb250ZW50XC91cGxvYWRzXC9hYmVudGV1ZXJfNi5qcGciLCJzbGlkZXNob3ciOiI1NjRlY2NjIn0%3D\" href=\"https:\/\/alediatours.com\/wp-content\/uploads\/abenteuer_6.jpg\"><figure class=\"swiper-slide-inner\"><img decoding=\"async\" class=\"swiper-slide-image\" src=\"https:\/\/alediatours.com\/wp-content\/uploads\/elementor\/thumbs\/abenteuer_6-qxzjsz8ufm55yoco8xigipjbrnmlp17m3yr2kq20eg.jpg\" alt=\"abenteuer_6\" \/><\/figure><\/a><\/div><div class=\"swiper-slide\" role=\"group\" aria-roledescription=\"slide\" aria-label=\"7 von 7\"><a data-elementor-open-lightbox=\"yes\" data-elementor-lightbox-slideshow=\"564eccc\" data-elementor-lightbox-title=\"abenteuer_5\" data-e-action-hash=\"#elementor-action%3Aaction%3Dlightbox%26settings%3DeyJpZCI6MzQ1LCJ1cmwiOiJodHRwczpcL1wvYWxlZGlhdG91cnMuY29tXC93cC1jb250ZW50XC91cGxvYWRzXC9hYmVudGV1ZXJfNS5qcGciLCJzbGlkZXNob3ciOiI1NjRlY2NjIn0%3D\" href=\"https:\/\/alediatours.com\/wp-content\/uploads\/abenteuer_5.jpg\"><figure class=\"swiper-slide-inner\"><img decoding=\"async\" class=\"swiper-slide-image\" src=\"https:\/\/alediatours.com\/wp-content\/uploads\/elementor\/thumbs\/abenteuer_5-qxzjsz8ufm55yoco8xigipjbrnmlp17m3yr2kq20eg.jpg\" alt=\"abenteuer_5\" \/><\/figure><\/a><\/div>\t\t\t<\/div>\n\t\t\t\t\t\t\t\t\t\t\t\t<div class=\"elementor-swiper-button elementor-swiper-button-prev\" role=\"button\" tabindex=\"0\">\n\t\t\t\t\t\t<svg aria-hidden=\"true\" class=\"e-font-icon-svg e-eicon-chevron-left\" viewbox=\"0 0 1000 1000\" xmlns=\"http:\/\/www.w3.org\/2000\/svg\"><path d=\"M646 125C629 125 613 133 604 142L308 442C296 454 292 471 292 487 292 504 296 521 308 533L604 854C617 867 629 875 646 875 663 875 679 871 692 858 704 846 713 829 713 812 713 796 708 779 692 767L438 487 692 225C700 217 708 204 708 187 708 171 704 154 692 142 675 129 663 125 646 125Z\"><\/path><\/svg>\t\t\t\t\t<\/div>\n\t\t\t\t\t<div class=\"elementor-swiper-button elementor-swiper-button-next\" role=\"button\" tabindex=\"0\">\n\t\t\t\t\t\t<svg aria-hidden=\"true\" class=\"e-font-icon-svg e-eicon-chevron-right\" viewbox=\"0 0 1000 1000\" xmlns=\"http:\/\/www.w3.org\/2000\/svg\"><path d=\"M696 533C708 521 713 504 713 487 713 471 708 454 696 446L400 146C388 133 375 125 354 125 338 125 325 129 313 142 300 154 292 171 292 187 292 204 296 221 308 233L563 492 304 771C292 783 288 800 288 817 288 833 296 850 308 863 321 871 338 875 354 875 371 875 388 867 400 854L696 533Z\"><\/path><\/svg>\t\t\t\t\t<\/div>\n\t\t\t\t\n\t\t\t\t\t\t\t\t\t<div class=\"swiper-pagination\"><\/div>\n\t\t\t\t\t\t\t\t\t<\/div>\n\t\t\t\t\t\t<\/div>\n\t\t\t\t<\/div>\n\t\t\t\t<\/div>\n\t\t<div class=\"elementor-element elementor-element-ca66bb2 e-con-full e-flex e-con e-child\" data-id=\"ca66bb2\" data-element_type=\"container\" data-e-type=\"container\">\n\t\t\t\t<div class=\"elementor-element elementor-element-8cb8e9b noSpace elementor-widget elementor-widget-text-editor\" data-id=\"8cb8e9b\" data-element_type=\"widget\" data-e-type=\"widget\" data-widget_type=\"text-editor.default\">\n\t\t\t\t<div class=\"elementor-widget-container\">\n\t\t\t\t\t\t\t\t\t<p>Price<\/p>\t\t\t\t\t\t\t\t<\/div>\n\t\t\t\t<\/div>\n\t\t\t\t<div class=\"elementor-element elementor-element-53ef96b noSpace elementor-widget elementor-widget-text-editor\" data-id=\"53ef96b\" data-element_type=\"widget\" data-e-type=\"widget\" data-widget_type=\"text-editor.default\">\n\t\t\t\t<div class=\"elementor-widget-container\">\n\t\t\t\t\t\t\t\t\t<ul><li>$ 100 for a ride in an off-road vehicle<\/li><li>$ 120 for a two-person quad bike ride (drivers must be 18 years or older)<\/li><li>$ 140 for solo quad biking (18 years and older)<\/li><\/ul>\t\t\t\t\t\t\t\t<\/div>\n\t\t\t\t<\/div>\n\t\t\t\t<div class=\"elementor-element elementor-element-f7e3083 elementor-widget elementor-widget-text-editor\" data-id=\"f7e3083\" data-element_type=\"widget\" data-e-type=\"widget\" data-widget_type=\"text-editor.default\">\n\t\t\t\t<div class=\"elementor-widget-container\">\n\t\t\t\t\t\t\t\t\t<ul><li>Entrance fees<\/li><li>Steer<\/li><li>English-speaking tour guide<\/li><li>Soft drinks<\/li><li>Water<\/li><li>Beer<\/li><li>breakfast rolls<\/li><li>Lunch<\/li><li>Mask with snorkel<\/li><li>Accident insurance<\/li><li>Travel in a fully air-conditioned vehicle<\/li><li>minibus<\/li><li>Minimum 8 participants, maximum 15 participants<\/li><li>free photos<br \/>off-road vehicle ride<\/li><li>or quad bike as desired (see prices)<\/li><li>all activities<\/li><\/ul>\t\t\t\t\t\t\t\t<\/div>\n\t\t\t\t<\/div>\n\t\t\t\t<\/div>\n\t\t\t\t\t<\/div>\n\t\t\t\t<\/div>\n\t\t<div class=\"elementor-element elementor-element-69f39d4 e-flex e-con-boxed e-con e-parent\" data-id=\"69f39d4\" data-element_type=\"container\" data-e-type=\"container\">\n\t\t\t\t\t<div class=\"e-con-inner\">\n\t\t\t\t<div class=\"elementor-element elementor-element-8c5a639 elementor-widget elementor-widget-text-editor\" data-id=\"8c5a639\" data-element_type=\"widget\" data-e-type=\"widget\" data-widget_type=\"text-editor.default\">\n\t\t\t\t<div class=\"elementor-widget-container\">\n\t\t\t\t\t\t\t\t\t<p>Experience action and adventure deep in the jungle!<\/p><p>Travel through the Mayan jungle in a 4x4 (with the group) or on your own quad bike (alone or in pairs). The total driving distance is approximately 16 km.<br \/>Soar over the treetops on six different ziplines and cross various types of suspension bridges. Climb a sheer rock face and enjoy the breathtaking views. Take a refreshing dip in two different cenotes (entrances to the world's longest underground river system) and discover crystal-clear freshwater with visibility of up to 80 m, filled with numerous stalagmites and stalactites.<\/p><p>Finally, enjoy a typical local lunch.<\/p><p>The total time for the activities is approximately 4-5 hours.<\/p><p><strong>Please note that this excursion is not suitable for children under 5 years old, and in this case, the full price applies regardless of age!<\/strong><\/p><p><strong>Included:<\/strong><\/p><p>Entrance fees, taxes, German-speaking tour guide, all activities, soft drinks, water, beer, breakfast rolls, lunch, mask with snorkel, accident insurance and travel in a fully air-conditioned minibus, maximum 15 participants.<\/p>\t\t\t\t\t\t\t\t<\/div>\n\t\t\t\t<\/div>\n\t\t\t\t\t<\/div>\n\t\t\t\t<\/div>\n\t\t<div class=\"elementor-element elementor-element-3b48cac e-flex e-con-boxed e-con e-parent\" data-id=\"3b48cac\" data-element_type=\"container\" data-e-type=\"container\">\n\t\t\t\t\t<div class=\"e-con-inner\">\n\t\t\t\t<div class=\"elementor-element elementor-element-6718d50 elementor-widget elementor-widget-shortcode\" data-id=\"6718d50\" data-element_type=\"widget\" data-e-type=\"widget\" data-widget_type=\"shortcode.default\">\n\t\t\t\t<div class=\"elementor-widget-container\">\n\t\t\t\t\t\t\t<div class=\"elementor-shortcode\">\n<div class=\"wpcf7 no-js\" id=\"wpcf7-f318-o1\" lang=\"en-US\" dir=\"ltr\" data-wpcf7-id=\"318\">\n<div class=\"screen-reader-response\"><p role=\"status\" aria-live=\"polite\" aria-atomic=\"true\"><\/p> <ul><\/ul><\/div>\n<form action=\"\/en\/wp-json\/wp\/v2\/pages\/61#wpcf7-f318-o1\" method=\"post\" class=\"wpcf7-form init\" aria-label=\"Contact form\" novalidate=\"novalidate\" data-status=\"init\" data-trp-original-action=\"\/en\/wp-json\/wp\/v2\/pages\/61#wpcf7-f318-o1\">\n<fieldset class=\"hidden-fields-container\"><input type=\"hidden\" name=\"_wpcf7\" value=\"318\" \/><input type=\"hidden\" name=\"_wpcf7_version\" value=\"6.1.5\" \/><input type=\"hidden\" name=\"_wpcf7_locale\" value=\"en_US\" \/><input type=\"hidden\" name=\"_wpcf7_unit_tag\" value=\"wpcf7-f318-o1\" \/><input type=\"hidden\" name=\"_wpcf7_container_post\" value=\"0\" \/><input type=\"hidden\" name=\"_wpcf7_posted_data_hash\" value=\"\" \/><input type=\"hidden\" name=\"_wpcf7_recaptcha_response\" value=\"\" \/>\n<\/fieldset>\n<div class=\"container-fluid kontaktForm\">\n\t<div class=\"row justify-content-center\">\n\t\t<div class=\"col-12 col-xl-10\">\n\t\t\t<p>Name*<span class=\"wpcf7-form-control-wrap\" data-name=\"nameN\"><input size=\"40\" maxlength=\"400\" class=\"wpcf7-form-control wpcf7-text wpcf7-validates-as-required\" aria-required=\"true\" aria-invalid=\"false\" placeholder=\"Write your full name\" value=\"\" type=\"text\" name=\"nameN\" \/><\/span>\n\t\t\t<\/p>\n\t\t<\/div>\n\t\t<div class=\"col-12 col-xl-10\">\n\t\t\t<p>Email*<span class=\"wpcf7-form-control-wrap\" data-name=\"email\"><input size=\"40\" maxlength=\"400\" class=\"wpcf7-form-control wpcf7-email wpcf7-validates-as-required wpcf7-text wpcf7-validates-as-email\" aria-required=\"true\" aria-invalid=\"false\" placeholder=\"Write your email\" value=\"\" type=\"email\" name=\"email\" \/><\/span>\n\t\t\t<\/p>\n\t\t<\/div>\n\t\t<div class=\"col-12 col-xl-10\">\n\t\t\t<p>Reference*<span class=\"wpcf7-form-control-wrap\" data-name=\"bettref\"><input size=\"40\" maxlength=\"400\" class=\"wpcf7-form-control wpcf7-text wpcf7-validates-as-required\" aria-required=\"true\" aria-invalid=\"false\" placeholder=\"Write the topic\" value=\"\" type=\"text\" name=\"bettref\" \/><\/span>\n\t\t\t<\/p>\n\t\t<\/div>\n\t\t<div class=\"col-12 col-xl-10\">\n\t\t\t<p>News<span class=\"wpcf7-form-control-wrap\" data-name=\"nachricht\"><textarea cols=\"40\" rows=\"3\" maxlength=\"2000\" class=\"wpcf7-form-control wpcf7-textarea wpcf7-validates-as-required\" aria-required=\"true\" aria-invalid=\"false\" placeholder=\"News\" name=\"nachricht\"><\/textarea><\/span>\n\t\t\t<\/p>\n\t\t<\/div>\n\t\t<div class=\"col-12 col-xl-10\">\n\t\t\t<p><input class=\"wpcf7-form-control wpcf7-submit has-spinner\" type=\"submit\" value=\"Send\" \/>\n\t\t\t<\/p>\n\t\t<\/div>\n\t<\/div>\n<\/div><div class=\"wpcf7-response-output\" aria-hidden=\"true\"><\/div>\n<input type=\"hidden\" name=\"trp-form-language\" value=\"en\"\/><\/form>\n<\/div>\n<\/div>\n\t\t\t\t\t\t<\/div>\n\t\t\t\t<\/div>\n\t\t\t\t\t<\/div>\n\t\t\t\t<\/div>\n\t\t\t\t<\/div>","protected":false},"excerpt":{"rendered":"<p>Abenteuer im Dschungel (Halbtagestour) Preis \u20ac 100 Mitfahrt im Gel\u00e4ndewagen \u20ac 120 bei Fahrt zu zweit mit Quad (Fahrer ab 18 Jahre) \u20ac 140 bei Fahrt alleine mit Quad (ab 18 Jahre) Eintrittsgelder Steuern Deutschsprachiger Reiseleiter Erfrischungsgetr\u00e4nke Wasser Bier Fr\u00fchst\u00fccksbr\u00f6tchen Mittagessen Maske mit Schnorchel Unfallversicherung Fahrt in einem vollklimatiertem Kleinbus Mindestteilnehmer 8, Maximal 15 Teilnehmer [&hellip;]<\/p>\n","protected":false},"author":1,"featured_media":1010,"parent":0,"menu_order":0,"comment_status":"closed","ping_status":"closed","template":"","meta":{"footnotes":""},"categories":[3],"class_list":["post-61","page","type-page","status-publish","has-post-thumbnail","hentry","category-tours"],"_links":{"self":[{"href":"https:\/\/alediatours.com\/en\/wp-json\/wp\/v2\/pages\/61","targetHints":{"allow":["GET"]}}],"collection":[{"href":"https:\/\/alediatours.com\/en\/wp-json\/wp\/v2\/pages"}],"about":[{"href":"https:\/\/alediatours.com\/en\/wp-json\/wp\/v2\/types\/page"}],"author":[{"embeddable":true,"href":"https:\/\/alediatours.com\/en\/wp-json\/wp\/v2\/users\/1"}],"replies":[{"embeddable":true,"href":"https:\/\/alediatours.com\/en\/wp-json\/wp\/v2\/comments?post=61"}],"version-history":[{"count":31,"href":"https:\/\/alediatours.com\/en\/wp-json\/wp\/v2\/pages\/61\/revisions"}],"predecessor-version":[{"id":1006,"href":"https:\/\/alediatours.com\/en\/wp-json\/wp\/v2\/pages\/61\/revisions\/1006"}],"wp:featuredmedia":[{"embeddable":true,"href":"https:\/\/alediatours.com\/en\/wp-json\/wp\/v2\/media\/1010"}],"wp:attachment":[{"href":"https:\/\/alediatours.com\/en\/wp-json\/wp\/v2\/media?parent=61"}],"wp:term":[{"taxonomy":"category","embeddable":true,"href":"https:\/\/alediatours.com\/en\/wp-json\/wp\/v2\/categories?post=61"}],"curies":[{"name":"wp","href":"https:\/\/api.w.org\/{rel}","templated":true}]}}